{"id":75,"date":"2020-09-29T15:07:25","date_gmt":"2020-09-29T15:07:25","guid":{"rendered":"http:\/\/jacquelinemusic.net\/?page_id=75"},"modified":"2024-10-04T15:22:42","modified_gmt":"2024-10-04T15:22:42","slug":"tour","status":"publish","type":"page","link":"https:\/\/jacquelinemusic.net\/index.php\/tour\/","title":{"rendered":"Tour"},"content":{"rendered":"\t\t<div data-elementor-type=\"wp-page\" data-elementor-id=\"75\" class=\"elementor elementor-75\" data-elementor-settings=\"[]\">\n\t\t\t\t\t\t<div class=\"elementor-inner\">\n\t\t\t\t\t\t\t<div class=\"elementor-section-wrap\">\n\t\t\t\t\t\t\t<section class=\"elementor-section elementor-top-section elementor-element elementor-element-f569d31 elementor-section-boxed elementor-section-height-default elementor-section-height-default\" data-id=\"f569d31\" data-element_type=\"section\">\n\t\t\t\t\t\t<div class=\"elementor-container elementor-column-gap-no\">\n\t\t\t\t\t\t\t<div class=\"elementor-row\">\n\t\t\t\t\t<div class=\"elementor-column elementor-col-100 elementor-top-column elementor-element elementor-element-4587dfa\" data-id=\"4587dfa\" data-element_type=\"column\">\n\t\t\t<div class=\"elementor-column-wrap elementor-element-populated\">\n\t\t\t\t\t\t\t<div class=\"elementor-widget-wrap\">\n\t\t\t\t\t\t<div class=\"elementor-element elementor-element-9d82f21 elementor-widget elementor-widget-text-editor\" data-id=\"9d82f21\" data-element_type=\"widget\" data-widget_type=\"text-editor.default\">\n\t\t\t\t<div class=\"elementor-widget-container\">\n\t\t\t\t\t<div class=\"elementor-text-editor elementor-clearfix\"><p>Jullet et Septembre 2020 R\u00e9sidences Superforma \/\/ L&rsquo;excelsior Allonnes (Salle Jean Carmet)<\/p>\n<p>Octobre 2020 R\u00e9sidence MJC Pr\u00e9vert &#8211; Le Mans<\/p>\n<p>Novembre 2021 Concert STARTER (SUPERFORMA) L&rsquo;Alambik &#8211; le Mans<\/p>\n<p>Juillet 2021 Concert festival La Bonn&rsquo;Zik &#8211; Bonn\u00e9table<\/p>\n<p>Janvier 2022 Concert salle EVE Universit\u00e9 &#8211; Le Mans<\/p>\n<p>&nbsp;Juin 2022 Concert &#8211; Connerr\u00e9<\/p>\n<p>Juin 2024 Concert Saint-Pierre des Nids<\/p><p><b>07 Novembre 2024 RELEASE PARTY \u00e0 la Brasserie SEPTANTE DEUX &#8211; Le Mans<\/b><\/p>\n<p><\/p><\/div>\n\t\t\t\t<\/div>\n\t\t\t\t<\/div>\n\t\t\t\t\t\t<\/div>\n\t\t\t\t\t<\/div>\n\t\t<\/div>\n\t\t\t\t\t\t\t\t<\/div>\n\t\t\t\t\t<\/div>\n\t\t<\/section>\n\t\t\t\t\t\t<\/div>\n\t\t\t\t\t\t<\/div>\n\t\t\t\t\t<\/div>\n\t\t","protected":false},"excerpt":{"rendered":"<p>Jullet et Septembre 2020 R\u00e9sidences Superforma \/\/ L&rsquo;excelsior Allonnes (Salle Jean Carmet) Octobre 2020 R\u00e9sidence MJC Pr\u00e9vert &#8211; Le Mans Novembre 2021 Concert STARTER (SUPERFORMA) L&rsquo;Alambik &#8211; le Mans Juillet 2021 Concert festival La Bonn&rsquo;Zik &#8211; Bonn\u00e9table Janvier 2022 Concert salle EVE Universit\u00e9 &#8211; Le Mans &nbsp;Juin 2022 Concert &#8211; Connerr\u00e9 Juin 2024 Concert Saint-Pierre &hellip; <\/p>\n<p class=\"link-more\"><a href=\"https:\/\/jacquelinemusic.net\/index.php\/tour\/\" class=\"more-link\">Continuer la lecture<span class=\"screen-reader-text\"> de &laquo;&nbsp;Tour&nbsp;&raquo;<\/span><\/a><\/p>\n","protected":false},"author":1,"featured_media":0,"parent":0,"menu_order":0,"comment_status":"closed","ping_status":"closed","template":"","meta":{"footnotes":""},"class_list":["post-75","page","type-page","status-publish","hentry"],"_links":{"self":[{"href":"https:\/\/jacquelinemusic.net\/index.php\/wp-json\/wp\/v2\/pages\/75","targetHints":{"allow":["GET"]}}],"collection":[{"href":"https:\/\/jacquelinemusic.net\/index.php\/wp-json\/wp\/v2\/pages"}],"about":[{"href":"https:\/\/jacquelinemusic.net\/index.php\/wp-json\/wp\/v2\/types\/page"}],"author":[{"embeddable":true,"href":"https:\/\/jacquelinemusic.net\/index.php\/wp-json\/wp\/v2\/users\/1"}],"replies":[{"embeddable":true,"href":"https:\/\/jacquelinemusic.net\/index.php\/wp-json\/wp\/v2\/comments?post=75"}],"version-history":[{"count":8,"href":"https:\/\/jacquelinemusic.net\/index.php\/wp-json\/wp\/v2\/pages\/75\/revisions"}],"predecessor-version":[{"id":233,"href":"https:\/\/jacquelinemusic.net\/index.php\/wp-json\/wp\/v2\/pages\/75\/revisions\/233"}],"wp:attachment":[{"href":"https:\/\/jacquelinemusic.net\/index.php\/wp-json\/wp\/v2\/media?parent=75"}],"curies":[{"name":"wp","href":"https:\/\/api.w.org\/{rel}","templated":true}]}}